{"id":3092,"date":"2025-03-25T20:58:25","date_gmt":"2025-03-25T20:58:25","guid":{"rendered":"https:\/\/blog.wingbuddy.com\/voyages-organises\/"},"modified":"2025-07-03T20:01:10","modified_gmt":"2025-07-03T20:01:10","slug":"voyages-organises","status":"publish","type":"page","link":"https:\/\/blog.wingbuddy.com\/fr\/voyages-organises\/","title":{"rendered":"Forfaits tours"},"content":{"rendered":"\n<div class=\"wp-block-uagb-container uagb-block-d52b6b9a alignfull uagb-is-root-container\"><div class=\"uagb-container-inner-blocks-wrap\">\n<div class=\"wp-block-uagb-advanced-heading uagb-block-751ff93e\"><h1 class=\"uagb-heading-text\">Les forfaits favoris de notre \u00e9quipe<\/h1><\/div>\n<\/div><\/div>\n\n\n\n<div class=\"wp-block-uagb-container uagb-layout-grid uagb-block-bf7d21ee alignfull uagb-is-root-container\"><div class=\"uagb-container-inner-blocks-wrap\">\n<h2 class=\"wp-block-heading has-text-align-center\">Faites vos valises et r\u00e9servez votre billet, <br>vous partez \u00e0 l&rsquo;aventure.<\/h2>\n\n\n\n<p class=\"has-text-align-center\">D\u00e9couvrez les meilleurs forfaits s\u00e9lectionn\u00e9s par nos experts.<\/p>\n\n\n\n<div class=\"wp-block-uagb-container uagb-layout-grid uagb-block-25a2e1dc\">\n<div class=\"wp-block-uagb-info-box uagb-block-1ee1c78c uagb-infobox__content-wrap  uagb-infobox-icon-above-title uagb-infobox-image-valign-top wp-block-uagb-info-box--has-margin\"><div class=\"uagb-infobox-margin-wrapper\"><div class=\"uagb-ifb-content\"><div class=\"uagb-ifb-image-content\"><img decoding=\"async\" src=\"https:\/\/blog.wingbuddy.com\/wp-content\/uploads\/2025\/04\/azores-tour-package.jpg\" alt=\"Azores Tour Package\" width=\"\" height=\"0\" loading=\"lazy\"\/><\/div><div class=\"uagb-ifb-title-wrap\"><h6 class=\"uagb-ifb-title-prefix\">EUROPE<\/h6><h3 class=\"uagb-ifb-title\">Escapade aux A\u00e7ores<\/h3><\/div><div class=\"uagb-ifb-button-wrapper wp-block-button\"><a href=\"https:\/\/www.wingbuddy.com\/forfait\/777\/escapade-aux-acores?afftok=1490b92ff1633e\" class=\"uagb-infobox-cta-link wp-block-button__link\" target=\"_blank\" rel=\"noopener noreferrer\" onclick=\"return true;\"><span class=\"uagb-inline-editing\">VOIR FORFAIT<\/span><\/a><\/div><\/div><\/div><\/div>\n\n\n\n<div class=\"wp-block-uagb-info-box uagb-block-e23c15c3 uagb-infobox__content-wrap  uagb-infobox-icon-above-title uagb-infobox-image-valign-top wp-block-uagb-info-box--has-margin\"><div class=\"uagb-infobox-margin-wrapper\"><div class=\"uagb-ifb-content\"><div class=\"uagb-ifb-image-content\"><img decoding=\"async\" src=\"https:\/\/blog.wingbuddy.com\/wp-content\/uploads\/2025\/03\/bali.jpg\" alt=\"Bali Tour\" width=\"\" height=\"0\" loading=\"lazy\"\/><\/div><div class=\"uagb-ifb-title-wrap\"><h6 class=\"uagb-ifb-title-prefix\">ASIE<\/h6><h3 class=\"uagb-ifb-title\">Bali et Thailande<\/h3><\/div><div class=\"uagb-ifb-button-wrapper wp-block-button\"><a href=\"https:\/\/www.wingbuddy.com\/forfaits-tours\/22\/indonesie?afftok=1490b92ff1633e\" class=\"uagb-infobox-cta-link wp-block-button__link\" target=\"_blank\" rel=\"noopener noreferrer\" onclick=\"return true;\"><span class=\"uagb-inline-editing\">VOIR FORFAIT<\/span><\/a><\/div><\/div><\/div><\/div>\n\n\n\n<div class=\"wp-block-uagb-info-box uagb-block-68fa6e44 uagb-infobox__content-wrap  uagb-infobox-icon-above-title uagb-infobox-image-valign-top wp-block-uagb-info-box--has-margin\"><div class=\"uagb-infobox-margin-wrapper\"><div class=\"uagb-ifb-content\"><div class=\"uagb-ifb-image-content\"><img decoding=\"async\" src=\"https:\/\/blog.wingbuddy.com\/wp-content\/uploads\/2025\/03\/berlin.jpg\" alt=\"Berlin Tour\" width=\"\" height=\"0\" loading=\"lazy\"\/><\/div><div class=\"uagb-ifb-title-wrap\"><h6 class=\"uagb-ifb-title-prefix\">EUROPE<\/h6><h3 class=\"uagb-ifb-title\">L&rsquo;Allemagne en train<\/h3><\/div><div class=\"uagb-ifb-button-wrapper wp-block-button\"><a href=\"https:\/\/www.wingbuddy.com\/forfait\/857\/decouverte-de-lallemagne-en-train?afftok=1490b92ff1633e\" class=\"uagb-infobox-cta-link wp-block-button__link\" target=\"_blank\" rel=\"noopener noreferrer\" onclick=\"return true;\"><span class=\"uagb-inline-editing\">VOIR FORFAIT<\/span><\/a><\/div><\/div><\/div><\/div>\n\n\n\n<div class=\"wp-block-uagb-info-box uagb-block-45cfbbeb uagb-infobox__content-wrap  uagb-infobox-icon-above-title uagb-infobox-image-valign-top wp-block-uagb-info-box--has-margin\"><div class=\"uagb-infobox-margin-wrapper\"><div class=\"uagb-ifb-content\"><div class=\"uagb-ifb-image-content\"><img decoding=\"async\" src=\"https:\/\/blog.wingbuddy.com\/wp-content\/uploads\/2025\/03\/cambodia.jpg\" alt=\"Cambodia and Vietnam Tour\" width=\"\" height=\"0\" loading=\"lazy\"\/><\/div><div class=\"uagb-ifb-title-wrap\"><h6 class=\"uagb-ifb-title-prefix\">ASIE<\/h6><h3 class=\"uagb-ifb-title\">Vietnam et Cambodge<\/h3><\/div><div class=\"uagb-ifb-button-wrapper wp-block-button\"><a href=\"https:\/\/www.wingbuddy.com\/forfait\/801\/fusion-vietnam-cambodge?afftok=1490b92ff1633e\" class=\"uagb-infobox-cta-link wp-block-button__link\" target=\"_blank\" rel=\"noopener noreferrer\" onclick=\"return true;\"><span class=\"uagb-inline-editing\">VOIR FORFAIT<\/span><\/a><\/div><\/div><\/div><\/div>\n\n\n\n<div class=\"wp-block-uagb-info-box uagb-block-755cb297 uagb-infobox__content-wrap  uagb-infobox-icon-above-title uagb-infobox-image-valign-top wp-block-uagb-info-box--has-margin\"><div class=\"uagb-infobox-margin-wrapper\"><div class=\"uagb-ifb-content\"><div class=\"uagb-ifb-image-content\"><img decoding=\"async\" src=\"https:\/\/blog.wingbuddy.com\/wp-content\/uploads\/2025\/03\/egypt.jpg\" alt=\"Egypt Tour\" width=\"\" height=\"0\" loading=\"lazy\"\/><\/div><div class=\"uagb-ifb-title-wrap\"><h6 class=\"uagb-ifb-title-prefix\">AFRIQUE \/ ASIE<\/h6><h3 class=\"uagb-ifb-title\">\u00c9gypte et Duba\u00ef<\/h3><\/div><div class=\"uagb-ifb-button-wrapper wp-block-button\"><a href=\"https:\/\/www.wingbuddy.com\/forfait\/753\/egypte-dubai?afftok=1490b92ff1633e\" class=\"uagb-infobox-cta-link wp-block-button__link\" target=\"_blank\" rel=\"noopener noreferrer\" onclick=\"return true;\"><span class=\"uagb-inline-editing\">VOIR FORFAIT<\/span><\/a><\/div><\/div><\/div><\/div>\n\n\n\n<div class=\"wp-block-uagb-info-box uagb-block-18cf04fb uagb-infobox__content-wrap  uagb-infobox-icon-above-title uagb-infobox-image-valign-top wp-block-uagb-info-box--has-margin\"><div class=\"uagb-infobox-margin-wrapper\"><div class=\"uagb-ifb-content\"><div class=\"uagb-ifb-image-content\"><img decoding=\"async\" src=\"https:\/\/blog.wingbuddy.com\/wp-content\/uploads\/2025\/03\/iceland.jpg\" alt=\"Iceland Tour\" width=\"\" height=\"0\" loading=\"lazy\"\/><\/div><div class=\"uagb-ifb-title-wrap\"><h6 class=\"uagb-ifb-title-prefix\">EUROPE<\/h6><h3 class=\"uagb-ifb-title\">Exploration de l&rsquo;Islande<\/h3><\/div><div class=\"uagb-ifb-button-wrapper wp-block-button\"><a href=\"https:\/\/www.wingbuddy.com\/forfait\/691\/exploration-de-lislande?afftok=1490b92ff1633e\" class=\"uagb-infobox-cta-link wp-block-button__link\" target=\"_blank\" rel=\"noopener noreferrer\" onclick=\"return true;\"><span class=\"uagb-inline-editing\">VOIR FORFAIT<\/span><\/a><\/div><\/div><\/div><\/div>\n\n\n\n<div class=\"wp-block-uagb-info-box uagb-block-c3877f6e uagb-infobox__content-wrap  uagb-infobox-icon-above-title uagb-infobox-image-valign-top wp-block-uagb-info-box--has-margin\"><div class=\"uagb-infobox-margin-wrapper\"><div class=\"uagb-ifb-content\"><div class=\"uagb-ifb-image-content\"><img decoding=\"async\" src=\"https:\/\/blog.wingbuddy.com\/wp-content\/uploads\/2025\/03\/italy.jpg\" alt=\"Italy Tours\" width=\"\" height=\"0\" loading=\"lazy\"\/><\/div><div class=\"uagb-ifb-title-wrap\"><h6 class=\"uagb-ifb-title-prefix\">EUROPE<\/h6><h3 class=\"uagb-ifb-title\">Combo Italie &amp; Gr\u00e8ce<\/h3><\/div><div class=\"uagb-ifb-button-wrapper wp-block-button\"><a href=\"https:\/\/www.wingbuddy.com\/forfait\/779\/litalie-et-la-grece?afftok=1490b92ff1633e\" class=\"uagb-infobox-cta-link wp-block-button__link\" target=\"_blank\" rel=\"noopener noreferrer\" onclick=\"return true;\"><span class=\"uagb-inline-editing\">VOIR FORFAIT<\/span><\/a><\/div><\/div><\/div><\/div>\n\n\n\n<div class=\"wp-block-uagb-info-box uagb-block-309bf0e3 uagb-infobox__content-wrap  uagb-infobox-icon-above-title uagb-infobox-image-valign-top wp-block-uagb-info-box--has-margin\"><div class=\"uagb-infobox-margin-wrapper\"><div class=\"uagb-ifb-content\"><div class=\"uagb-ifb-image-content\"><img decoding=\"async\" src=\"https:\/\/blog.wingbuddy.com\/wp-content\/uploads\/2025\/03\/kenya.jpg\" alt=\"Kenya safari\" width=\"\" height=\"0\" loading=\"lazy\"\/><\/div><div class=\"uagb-ifb-title-wrap\"><h6 class=\"uagb-ifb-title-prefix\">AFRIQUE<\/h6><h3 class=\"uagb-ifb-title\">Safari au Kenya<\/h3><\/div><div class=\"uagb-ifb-button-wrapper wp-block-button\"><a href=\"https:\/\/www.wingbuddy.com\/forfait\/843\/safari-de-reve-au-kenya?afftok=1490b92ff1633e\" class=\"uagb-infobox-cta-link wp-block-button__link\" target=\"_blank\" rel=\"noopener noreferrer\" onclick=\"return true;\"><span class=\"uagb-inline-editing\">VOIR FORFAIT<\/span><\/a><\/div><\/div><\/div><\/div>\n\n\n\n<div class=\"wp-block-uagb-info-box uagb-block-6093322a uagb-infobox__content-wrap  uagb-infobox-icon-above-title uagb-infobox-image-valign-top wp-block-uagb-info-box--has-margin\"><div class=\"uagb-infobox-margin-wrapper\"><div class=\"uagb-ifb-content\"><div class=\"uagb-ifb-image-content\"><img decoding=\"async\" src=\"https:\/\/blog.wingbuddy.com\/wp-content\/uploads\/2025\/03\/switzerland.jpg\" alt=\"Switzerland Tour\" width=\"\" height=\"0\" loading=\"lazy\"\/><\/div><div class=\"uagb-ifb-title-wrap\"><h6 class=\"uagb-ifb-title-prefix\">EUROPE<\/h6><h3 class=\"uagb-ifb-title\">D\u00e9couverte de la Suisse<\/h3><\/div><div class=\"uagb-ifb-button-wrapper wp-block-button\"><a href=\"https:\/\/www.wingbuddy.com\/forfait\/886\/decouverte-de-la-suisse?afftok=1490b92ff1633e\" class=\"uagb-infobox-cta-link wp-block-button__link\" target=\"_blank\" rel=\"noopener noreferrer\" onclick=\"return true;\"><span class=\"uagb-inline-editing\">VOIR FORFAIT<\/span><\/a><\/div><\/div><\/div><\/div>\n<\/div>\n<\/div><\/div>\n","protected":false},"excerpt":{"rendered":"<p>Les forfaits favoris de notre \u00e9quipe Faites vos valises et r\u00e9servez votre billet, vous partez \u00e0 l&rsquo;aventure. D\u00e9couvrez les meilleurs [&hellip;]<\/p>\n","protected":false},"author":4,"featured_media":0,"parent":0,"menu_order":0,"comment_status":"closed","ping_status":"closed","template":"","meta":{"_uag_custom_page_level_css":"","site-sidebar-layout":"no-sidebar","site-content-layout":"plain-container","ast-site-content-layout":"normal-width-container","site-content-style":"unboxed","site-sidebar-style":"unboxed","ast-global-header-display":"","ast-banner-title-visibility":"","ast-main-header-display":"","ast-hfb-above-header-display":"","ast-hfb-below-header-display":"","ast-hfb-mobile-header-display":"","site-post-title":"disabled","ast-breadcrumbs-content":"","ast-featured-img":"disabled","footer-sml-layout":"","ast-disable-related-posts":"","theme-transparent-header-meta":"default","adv-header-id-meta":"","stick-header-meta":"","header-above-stick-meta":"","header-main-stick-meta":"","header-below-stick-meta":"","astra-migrate-meta-layouts":"default","ast-page-background-enabled":"default","ast-page-background-meta":{"desktop":{"background-color":"var(--ast-global-color-5)","background-image":"","background-repeat":"repeat","background-position":"center center","background-size":"auto","background-attachment":"scroll","background-type":"","background-media":"","overlay-type":"","overlay-color":"","overlay-opacity":"","overlay-gradient":""},"tablet":{"background-color":"","background-image":"","background-repeat":"repeat","background-position":"center center","background-size":"auto","background-attachment":"scroll","background-type":"","background-media":"","overlay-type":"","overlay-color":"","overlay-opacity":"","overlay-gradient":""},"mobile":{"background-color":"","background-image":"","background-repeat":"repeat","background-position":"center center","background-size":"auto","background-attachment":"scroll","background-type":"","background-media":"","overlay-type":"","overlay-color":"","overlay-opacity":"","overlay-gradient":""}},"ast-content-background-meta":{"desktop":{"background-color":"var(--ast-global-color-4)","background-image":"","background-repeat":"repeat","background-position":"center center","background-size":"auto","background-attachment":"scroll","background-type":"","background-media":"","overlay-type":"","overlay-color":"","overlay-opacity":"","overlay-gradient":""},"tablet":{"background-color":"var(--ast-global-color-4)","background-image":"","background-repeat":"repeat","background-position":"center center","background-size":"auto","background-attachment":"scroll","background-type":"","background-media":"","overlay-type":"","overlay-color":"","overlay-opacity":"","overlay-gradient":""},"mobile":{"background-color":"var(--ast-global-color-4)","background-image":"","background-repeat":"repeat","background-position":"center center","background-size":"auto","background-attachment":"scroll","background-type":"","background-media":"","overlay-type":"","overlay-color":"","overlay-opacity":"","overlay-gradient":""}},"footnotes":""},"class_list":["post-3092","page","type-page","status-publish","hentry"],"yoast_head":"<!-- This site is optimized with the Yoast SEO plugin v27.0 - https:\/\/yoast.com\/product\/yoast-seo-wordpress\/ -->\n<title>Les forfaits de voyages favoris de l&#039;\u00e9quipe de r\u00e9dacteurs - Wingbuddy Blog<\/title>\n<meta name=\"description\" content=\"Notre \u00e9quipe a s\u00e9lectionn\u00e9 plusieurs voyages organis\u00e9s populaires que vous pouvez r\u00e9server sur Wingbuddy. R\u00e9servez votre prochain voyage d\u00e8s aujourd&#039;hui et laissez l&#039;aventure commencer !\" \/>\n<meta name=\"robots\" content=\"index, follow, max-snippet:-1, max-image-preview:large, max-video-preview:-1\" \/>\n<link rel=\"canonical\" href=\"https:\/\/blog.wingbuddy.com\/fr\/voyages-organises\/\" \/>\n<meta property=\"og:locale\" content=\"fr_CA\" \/>\n<meta property=\"og:type\" content=\"article\" \/>\n<meta property=\"og:title\" content=\"Les forfaits de voyages favoris de l&#039;\u00e9quipe de r\u00e9dacteurs - Wingbuddy Blog\" \/>\n<meta property=\"og:description\" content=\"Notre \u00e9quipe a s\u00e9lectionn\u00e9 plusieurs voyages organis\u00e9s populaires que vous pouvez r\u00e9server sur Wingbuddy. R\u00e9servez votre prochain voyage d\u00e8s aujourd&#039;hui et laissez l&#039;aventure commencer !\" \/>\n<meta property=\"og:url\" content=\"https:\/\/blog.wingbuddy.com\/fr\/voyages-organises\/\" \/>\n<meta property=\"og:site_name\" content=\"Wingbuddy Blog\" \/>\n<meta property=\"article:publisher\" content=\"https:\/\/www.facebook.com\/wingbuddy\" \/>\n<meta property=\"article:modified_time\" content=\"2025-07-03T20:01:10+00:00\" \/>\n<meta property=\"og:image\" content=\"https:\/\/blog.wingbuddy.com\/wp-content\/uploads\/2025\/04\/azores-tour-package.jpg\" \/>\n<meta name=\"twitter:card\" content=\"summary_large_image\" \/>\n<meta name=\"twitter:label1\" content=\"Estimation du temps de lecture\" \/>\n\t<meta name=\"twitter:data1\" content=\"3 minutes\" \/>\n<script type=\"application\/ld+json\" class=\"yoast-schema-graph\">{\"@context\":\"https:\/\/schema.org\",\"@graph\":[{\"@type\":\"WebPage\",\"@id\":\"https:\/\/blog.wingbuddy.com\/fr\/voyages-organises\/\",\"url\":\"https:\/\/blog.wingbuddy.com\/fr\/voyages-organises\/\",\"name\":\"Les forfaits de voyages favoris de l'\u00e9quipe de r\u00e9dacteurs - Wingbuddy Blog\",\"isPartOf\":{\"@id\":\"https:\/\/blog.wingbuddy.com\/fr\/#website\"},\"primaryImageOfPage\":{\"@id\":\"https:\/\/blog.wingbuddy.com\/fr\/voyages-organises\/#primaryimage\"},\"image\":{\"@id\":\"https:\/\/blog.wingbuddy.com\/fr\/voyages-organises\/#primaryimage\"},\"thumbnailUrl\":\"https:\/\/blog.wingbuddy.com\/wp-content\/uploads\/2025\/04\/azores-tour-package.jpg\",\"datePublished\":\"2025-03-25T20:58:25+00:00\",\"dateModified\":\"2025-07-03T20:01:10+00:00\",\"description\":\"Notre \u00e9quipe a s\u00e9lectionn\u00e9 plusieurs voyages organis\u00e9s populaires que vous pouvez r\u00e9server sur Wingbuddy. R\u00e9servez votre prochain voyage d\u00e8s aujourd'hui et laissez l'aventure commencer !\",\"breadcrumb\":{\"@id\":\"https:\/\/blog.wingbuddy.com\/fr\/voyages-organises\/#breadcrumb\"},\"inLanguage\":\"fr-CA\",\"potentialAction\":[{\"@type\":\"ReadAction\",\"target\":[\"https:\/\/blog.wingbuddy.com\/fr\/voyages-organises\/\"]}]},{\"@type\":\"ImageObject\",\"inLanguage\":\"fr-CA\",\"@id\":\"https:\/\/blog.wingbuddy.com\/fr\/voyages-organises\/#primaryimage\",\"url\":\"https:\/\/blog.wingbuddy.com\/wp-content\/uploads\/2025\/04\/azores-tour-package.jpg\",\"contentUrl\":\"https:\/\/blog.wingbuddy.com\/wp-content\/uploads\/2025\/04\/azores-tour-package.jpg\"},{\"@type\":\"BreadcrumbList\",\"@id\":\"https:\/\/blog.wingbuddy.com\/fr\/voyages-organises\/#breadcrumb\",\"itemListElement\":[{\"@type\":\"ListItem\",\"position\":1,\"name\":\"Home\",\"item\":\"https:\/\/blog.wingbuddy.com\/fr\/\"},{\"@type\":\"ListItem\",\"position\":2,\"name\":\"Forfaits tours\"}]},{\"@type\":\"WebSite\",\"@id\":\"https:\/\/blog.wingbuddy.com\/fr\/#website\",\"url\":\"https:\/\/blog.wingbuddy.com\/fr\/\",\"name\":\"Wingbuddy Blog\",\"description\":\"Exceptional Travel Experiences... Hassle-Free!\",\"publisher\":{\"@id\":\"https:\/\/blog.wingbuddy.com\/fr\/#organization\"},\"potentialAction\":[{\"@type\":\"SearchAction\",\"target\":{\"@type\":\"EntryPoint\",\"urlTemplate\":\"https:\/\/blog.wingbuddy.com\/fr\/?s={search_term_string}\"},\"query-input\":{\"@type\":\"PropertyValueSpecification\",\"valueRequired\":true,\"valueName\":\"search_term_string\"}}],\"inLanguage\":\"fr-CA\"},{\"@type\":\"Organization\",\"@id\":\"https:\/\/blog.wingbuddy.com\/fr\/#organization\",\"name\":\"Wingbuddy Blog\",\"url\":\"https:\/\/blog.wingbuddy.com\/fr\/\",\"logo\":{\"@type\":\"ImageObject\",\"inLanguage\":\"fr-CA\",\"@id\":\"https:\/\/blog.wingbuddy.com\/fr\/#\/schema\/logo\/image\/\",\"url\":\"https:\/\/blog.wingbuddy.com\/wp-content\/uploads\/2025\/03\/cropped-wingbuddy-logo-e1741188801501.png\",\"contentUrl\":\"https:\/\/blog.wingbuddy.com\/wp-content\/uploads\/2025\/03\/cropped-wingbuddy-logo-e1741188801501.png\",\"width\":252,\"height\":68,\"caption\":\"Wingbuddy Blog\"},\"image\":{\"@id\":\"https:\/\/blog.wingbuddy.com\/fr\/#\/schema\/logo\/image\/\"},\"sameAs\":[\"https:\/\/www.facebook.com\/wingbuddy\",\"https:\/\/www.instagram.com\/wingbuddy\/\",\"https:\/\/www.linkedin.com\/company\/wingbuddy\/\"]}]}<\/script>\n<!-- \/ Yoast SEO plugin. -->","yoast_head_json":{"title":"Les forfaits de voyages favoris de l'\u00e9quipe de r\u00e9dacteurs - Wingbuddy Blog","description":"Notre \u00e9quipe a s\u00e9lectionn\u00e9 plusieurs voyages organis\u00e9s populaires que vous pouvez r\u00e9server sur Wingbuddy. R\u00e9servez votre prochain voyage d\u00e8s aujourd'hui et laissez l'aventure commencer !","robots":{"index":"index","follow":"follow","max-snippet":"max-snippet:-1","max-image-preview":"max-image-preview:large","max-video-preview":"max-video-preview:-1"},"canonical":"https:\/\/blog.wingbuddy.com\/fr\/voyages-organises\/","og_locale":"fr_CA","og_type":"article","og_title":"Les forfaits de voyages favoris de l'\u00e9quipe de r\u00e9dacteurs - Wingbuddy Blog","og_description":"Notre \u00e9quipe a s\u00e9lectionn\u00e9 plusieurs voyages organis\u00e9s populaires que vous pouvez r\u00e9server sur Wingbuddy. R\u00e9servez votre prochain voyage d\u00e8s aujourd'hui et laissez l'aventure commencer !","og_url":"https:\/\/blog.wingbuddy.com\/fr\/voyages-organises\/","og_site_name":"Wingbuddy Blog","article_publisher":"https:\/\/www.facebook.com\/wingbuddy","article_modified_time":"2025-07-03T20:01:10+00:00","og_image":[{"url":"https:\/\/blog.wingbuddy.com\/wp-content\/uploads\/2025\/04\/azores-tour-package.jpg","type":"","width":"","height":""}],"twitter_card":"summary_large_image","twitter_misc":{"Estimation du temps de lecture":"3 minutes"},"schema":{"@context":"https:\/\/schema.org","@graph":[{"@type":"WebPage","@id":"https:\/\/blog.wingbuddy.com\/fr\/voyages-organises\/","url":"https:\/\/blog.wingbuddy.com\/fr\/voyages-organises\/","name":"Les forfaits de voyages favoris de l'\u00e9quipe de r\u00e9dacteurs - Wingbuddy Blog","isPartOf":{"@id":"https:\/\/blog.wingbuddy.com\/fr\/#website"},"primaryImageOfPage":{"@id":"https:\/\/blog.wingbuddy.com\/fr\/voyages-organises\/#primaryimage"},"image":{"@id":"https:\/\/blog.wingbuddy.com\/fr\/voyages-organises\/#primaryimage"},"thumbnailUrl":"https:\/\/blog.wingbuddy.com\/wp-content\/uploads\/2025\/04\/azores-tour-package.jpg","datePublished":"2025-03-25T20:58:25+00:00","dateModified":"2025-07-03T20:01:10+00:00","description":"Notre \u00e9quipe a s\u00e9lectionn\u00e9 plusieurs voyages organis\u00e9s populaires que vous pouvez r\u00e9server sur Wingbuddy. R\u00e9servez votre prochain voyage d\u00e8s aujourd'hui et laissez l'aventure commencer !","breadcrumb":{"@id":"https:\/\/blog.wingbuddy.com\/fr\/voyages-organises\/#breadcrumb"},"inLanguage":"fr-CA","potentialAction":[{"@type":"ReadAction","target":["https:\/\/blog.wingbuddy.com\/fr\/voyages-organises\/"]}]},{"@type":"ImageObject","inLanguage":"fr-CA","@id":"https:\/\/blog.wingbuddy.com\/fr\/voyages-organises\/#primaryimage","url":"https:\/\/blog.wingbuddy.com\/wp-content\/uploads\/2025\/04\/azores-tour-package.jpg","contentUrl":"https:\/\/blog.wingbuddy.com\/wp-content\/uploads\/2025\/04\/azores-tour-package.jpg"},{"@type":"BreadcrumbList","@id":"https:\/\/blog.wingbuddy.com\/fr\/voyages-organises\/#breadcrumb","itemListElement":[{"@type":"ListItem","position":1,"name":"Home","item":"https:\/\/blog.wingbuddy.com\/fr\/"},{"@type":"ListItem","position":2,"name":"Forfaits tours"}]},{"@type":"WebSite","@id":"https:\/\/blog.wingbuddy.com\/fr\/#website","url":"https:\/\/blog.wingbuddy.com\/fr\/","name":"Wingbuddy Blog","description":"Exceptional Travel Experiences... Hassle-Free!","publisher":{"@id":"https:\/\/blog.wingbuddy.com\/fr\/#organization"},"potentialAction":[{"@type":"SearchAction","target":{"@type":"EntryPoint","urlTemplate":"https:\/\/blog.wingbuddy.com\/fr\/?s={search_term_string}"},"query-input":{"@type":"PropertyValueSpecification","valueRequired":true,"valueName":"search_term_string"}}],"inLanguage":"fr-CA"},{"@type":"Organization","@id":"https:\/\/blog.wingbuddy.com\/fr\/#organization","name":"Wingbuddy Blog","url":"https:\/\/blog.wingbuddy.com\/fr\/","logo":{"@type":"ImageObject","inLanguage":"fr-CA","@id":"https:\/\/blog.wingbuddy.com\/fr\/#\/schema\/logo\/image\/","url":"https:\/\/blog.wingbuddy.com\/wp-content\/uploads\/2025\/03\/cropped-wingbuddy-logo-e1741188801501.png","contentUrl":"https:\/\/blog.wingbuddy.com\/wp-content\/uploads\/2025\/03\/cropped-wingbuddy-logo-e1741188801501.png","width":252,"height":68,"caption":"Wingbuddy Blog"},"image":{"@id":"https:\/\/blog.wingbuddy.com\/fr\/#\/schema\/logo\/image\/"},"sameAs":["https:\/\/www.facebook.com\/wingbuddy","https:\/\/www.instagram.com\/wingbuddy\/","https:\/\/www.linkedin.com\/company\/wingbuddy\/"]}]}},"uagb_featured_image_src":{"full":false,"thumbnail":false,"medium":false,"medium_large":false,"large":false,"1536x1536":false,"2048x2048":false},"uagb_author_info":{"display_name":"Nicolai Yakimchuk","author_link":"https:\/\/blog.wingbuddy.com\/fr\/author\/nicolai-yakimchuk\/"},"uagb_comment_info":0,"uagb_excerpt":"Les forfaits favoris de notre \u00e9quipe Faites vos valises et r\u00e9servez votre billet, vous partez \u00e0 l&rsquo;aventure. D\u00e9couvrez les meilleurs [&hellip;]","_links":{"self":[{"href":"https:\/\/blog.wingbuddy.com\/fr\/wp-json\/wp\/v2\/pages\/3092","targetHints":{"allow":["GET"]}}],"collection":[{"href":"https:\/\/blog.wingbuddy.com\/fr\/wp-json\/wp\/v2\/pages"}],"about":[{"href":"https:\/\/blog.wingbuddy.com\/fr\/wp-json\/wp\/v2\/types\/page"}],"author":[{"embeddable":true,"href":"https:\/\/blog.wingbuddy.com\/fr\/wp-json\/wp\/v2\/users\/4"}],"replies":[{"embeddable":true,"href":"https:\/\/blog.wingbuddy.com\/fr\/wp-json\/wp\/v2\/comments?post=3092"}],"version-history":[{"count":11,"href":"https:\/\/blog.wingbuddy.com\/fr\/wp-json\/wp\/v2\/pages\/3092\/revisions"}],"predecessor-version":[{"id":3188,"href":"https:\/\/blog.wingbuddy.com\/fr\/wp-json\/wp\/v2\/pages\/3092\/revisions\/3188"}],"wp:attachment":[{"href":"https:\/\/blog.wingbuddy.com\/fr\/wp-json\/wp\/v2\/media?parent=3092"}],"curies":[{"name":"wp","href":"https:\/\/api.w.org\/{rel}","templated":true}]}}