{"id":3086,"date":"2025-03-25T20:58:24","date_gmt":"2025-03-25T20:58:24","guid":{"rendered":"https:\/\/blog.wingbuddy.com\/a-propos-de\/"},"modified":"2025-07-03T19:20:29","modified_gmt":"2025-07-03T19:20:29","slug":"a-propos-de","status":"publish","type":"page","link":"https:\/\/blog.wingbuddy.com\/fr\/a-propos-de\/","title":{"rendered":"A propos"},"content":{"rendered":"\n<div class=\"wp-block-uagb-container uagb-block-3cccbad4 alignfull uagb-is-root-container\"><div class=\"uagb-container-inner-blocks-wrap\">\n<div class=\"wp-block-uagb-advanced-heading uagb-block-b2acb170\"><h1 class=\"uagb-heading-text\">\u00c0 propos de Wingbuddy<\/h1><\/div>\n<\/div><\/div>\n\n<div class=\"wp-block-uagb-container uagb-layout-grid uagb-block-8fd792d8 alignfull uagb-is-root-container\"><div class=\"uagb-container-inner-blocks-wrap\">\n<div class=\"wp-block-uagb-container uagb-block-3cc4a0cb\">\n<div class=\"wp-block-uagb-info-box uagb-block-03af5882 uagb-infobox__content-wrap  uagb-infobox-icon-above-title uagb-infobox-image-valign-top wp-block-uagb-info-box--has-margin\"><div class=\"uagb-infobox-margin-wrapper\"><div class=\"uagb-ifb-content\"><div class=\"uagb-ifb-title-wrap\"><h2 class=\"uagb-ifb-title\"><strong>Voyager en toute simplicit\u00e9 avec Wingbuddy<\/strong><\/h2><\/div><p class=\"uagb-ifb-desc\">Wingbuddy propose des forfaits qui vous permettent de planifier votre prochain voyage sans effort. Des visites guid\u00e9es aux croisi\u00e8res maritimes et fluviales, leurs exp\u00e9riences s\u00e9lectionn\u00e9es vous permettent de d\u00e9couvrir le monde sans stress. <br\/><br\/>Vous voulez explorer l&rsquo;Italie, le Portugal, la Gr\u00e8ce ou l&rsquo;Islande ? Wingbuddy s&rsquo;occupe des vols, des h\u00f4tels, des transferts et plus encore, pour que vous puissiez profiter de chaque instant. <br\/><br\/>Notre vision de cr\u00e9er des exp\u00e9riences de voyage exceptionnelles pour tout le monde gr\u00e2ce \u00e0 des voyages abordables et sans tracas nous motive tous les jours.<br\/><\/p><\/div><\/div><\/div>\n\n\n\n<div class=\"wp-block-uagb-buttons uagb-buttons__outer-wrap uagb-btn__default-btn uagb-btn-tablet__default-btn uagb-btn-mobile__default-btn uagb-block-e9fb9470\"><div class=\"uagb-buttons__wrap uagb-buttons-layout-wrap \">\n<div class=\"wp-block-uagb-buttons-child uagb-buttons__outer-wrap uagb-block-623a3916 wp-block-button\"><div class=\"uagb-button__wrapper\"><a class=\"uagb-buttons-repeater wp-block-button__link\" aria-label=\"\" href=\"https:\/\/blog.wingbuddy.com\/fr\/articles\/\" rel=\"follow noopener\" target=\"_self\" role=\"button\"><div class=\"uagb-button__link\">LIRE LA SUITE<\/div><\/a><\/div><\/div>\n\n\n\n<div class=\"wp-block-uagb-buttons-child uagb-buttons__outer-wrap uagb-block-890ef480 wp-block-button\"><div class=\"uagb-button__wrapper\"><a class=\"uagb-buttons-repeater wp-block-button__link\" aria-label=\"\" href=\"https:\/\/www.wingbuddy.com\/forfaits-croisieres-maritimes\/0\/toutes-les-destinations?afftok=129d40739cfbe0\" rel=\"follow noopener\" target=\"_blank\" role=\"button\"><div class=\"uagb-button__link\">VOIR NOS FORFAITS<\/div><\/a><\/div><\/div>\n<\/div><\/div>\n\n\n\n<div class=\"wp-block-uagb-advanced-heading uagb-block-965c6155\"><\/div>\n\n\n\n<p><\/p>\n\n\n\n<div class=\"wp-block-uagb-social-share uagb-social-share__outer-wrap uagb-social-share__layout-horizontal uagb-block-0c9680bf\">\n<div class=\"wp-block-uagb-social-share-child uagb-ss-repeater uagb-ss__wrapper uagb-block-8c014215\"><span class=\"uagb-ss__link\" data-href=\"https:\/\/twitter.com\/share?url=\" tabindex=\"0\" role=\"button\" aria-label=\"twitter\"><span class=\"uagb-ss__source-wrap\"><span class=\"uagb-ss__source-icon\"><svg xmlns=\"https:\/\/www.w3.org\/2000\/svg\" viewBox=\"0 0 512 512\"><path d=\"M459.4 151.7c.325 4.548 .325 9.097 .325 13.65 0 138.7-105.6 298.6-298.6 298.6-59.45 0-114.7-17.22-161.1-47.11 8.447 .974 16.57 1.299 25.34 1.299 49.06 0 94.21-16.57 130.3-44.83-46.13-.975-84.79-31.19-98.11-72.77 6.498 .974 12.99 1.624 19.82 1.624 9.421 0 18.84-1.3 27.61-3.573-48.08-9.747-84.14-51.98-84.14-102.1v-1.299c13.97 7.797 30.21 12.67 47.43 13.32-28.26-18.84-46.78-51.01-46.78-87.39 0-19.49 5.197-37.36 14.29-52.95 51.65 63.67 129.3 105.3 216.4 109.8-1.624-7.797-2.599-15.92-2.599-24.04 0-57.83 46.78-104.9 104.9-104.9 30.21 0 57.5 12.67 76.67 33.14 23.72-4.548 46.46-13.32 66.6-25.34-7.798 24.37-24.37 44.83-46.13 57.83 21.12-2.273 41.58-8.122 60.43-16.24-14.29 20.79-32.16 39.31-52.63 54.25z\"><\/path><\/svg><\/span><\/span><\/span><\/div>\n\n\n\n<div class=\"wp-block-uagb-social-share-child uagb-ss-repeater uagb-ss__wrapper uagb-block-6ec3da9f\"><span class=\"uagb-ss__link\" data-href=\"https:\/\/pinterest.com\/pin\/create\/link\/?url=\" tabindex=\"0\" role=\"button\" aria-label=\"pinterest\"><span class=\"uagb-ss__source-wrap\"><span class=\"uagb-ss__source-icon\"><svg xmlns=\"https:\/\/www.w3.org\/2000\/svg\" viewBox=\"0 0 448 512\"><path d=\"M224.1 141c-63.6 0-114.9 51.3-114.9 114.9s51.3 114.9 114.9 114.9S339 319.5 339 255.9 287.7 141 224.1 141zm0 189.6c-41.1 0-74.7-33.5-74.7-74.7s33.5-74.7 74.7-74.7 74.7 33.5 74.7 74.7-33.6 74.7-74.7 74.7zm146.4-194.3c0 14.9-12 26.8-26.8 26.8-14.9 0-26.8-12-26.8-26.8s12-26.8 26.8-26.8 26.8 12 26.8 26.8zm76.1 27.2c-1.7-35.9-9.9-67.7-36.2-93.9-26.2-26.2-58-34.4-93.9-36.2-37-2.1-147.9-2.1-184.9 0-35.8 1.7-67.6 9.9-93.9 36.1s-34.4 58-36.2 93.9c-2.1 37-2.1 147.9 0 184.9 1.7 35.9 9.9 67.7 36.2 93.9s58 34.4 93.9 36.2c37 2.1 147.9 2.1 184.9 0 35.9-1.7 67.7-9.9 93.9-36.2 26.2-26.2 34.4-58 36.2-93.9 2.1-37 2.1-147.8 0-184.8zM398.8 388c-7.8 19.6-22.9 34.7-42.6 42.6-29.5 11.7-99.5 9-132.1 9s-102.7 2.6-132.1-9c-19.6-7.8-34.7-22.9-42.6-42.6-11.7-29.5-9-99.5-9-132.1s-2.6-102.7 9-132.1c7.8-19.6 22.9-34.7 42.6-42.6 29.5-11.7 99.5-9 132.1-9s102.7-2.6 132.1 9c19.6 7.8 34.7 22.9 42.6 42.6 11.7 29.5 9 99.5 9 132.1s2.7 102.7-9 132.1z\"><\/path><\/svg><\/span><\/span><\/span><\/div>\n\n\n\n<div class=\"wp-block-uagb-social-share-child uagb-ss-repeater uagb-ss__wrapper uagb-block-b00ad8a6\"><span class=\"uagb-ss__link\" data-href=\"https:\/\/www.facebook.com\/sharer.php?u=\" tabindex=\"0\" role=\"button\" aria-label=\"facebook\"><span class=\"uagb-ss__source-wrap\"><span class=\"uagb-ss__source-icon\"><svg xmlns=\"https:\/\/www.w3.org\/2000\/svg\" viewBox=\"0 0 512 512\"><path d=\"M504 256C504 119 393 8 256 8S8 119 8 256c0 123.8 90.69 226.4 209.3 245V327.7h-63V256h63v-54.64c0-62.15 37-96.48 93.67-96.48 27.14 0 55.52 4.84 55.52 4.84v61h-31.28c-30.8 0-40.41 19.12-40.41 38.73V256h68.78l-11 71.69h-57.78V501C413.3 482.4 504 379.8 504 256z\"><\/path><\/svg><\/span><\/span><\/span><\/div>\n<\/div>\n<\/div>\n\n\n\n<div class=\"wp-block-uagb-image uagb-block-0b32e2d8 wp-block-uagb-image--layout-default wp-block-uagb-image--effect-static wp-block-uagb-image--align-none\"><figure class=\"wp-block-uagb-image__figure\"><img decoding=\"async\" srcset=\"https:\/\/blog.wingbuddy.com\/wp-content\/uploads\/2025\/03\/vacation-yacht-1024x683.jpg ,https:\/\/blog.wingbuddy.com\/wp-content\/uploads\/2025\/03\/vacation-yacht-scaled.jpg 780w, https:\/\/blog.wingbuddy.com\/wp-content\/uploads\/2025\/03\/vacation-yacht-scaled.jpg 360w\" sizes=\"auto, (max-width: 480px) 150px\" src=\"https:\/\/blog.wingbuddy.com\/wp-content\/uploads\/2025\/03\/vacation-yacht-1024x683.jpg\" alt=\"Voyageurs prenant un verre\" class=\"uag-image-2304\" width=\"1024\" height=\"684\" title=\"bateau de vacances\" loading=\"lazy\" role=\"img\"><\/figure><\/div>\n<\/div><\/div>\n\n<div class=\"wp-block-uagb-container uagb-block-4f195d1d alignfull uagb-is-root-container\"><div class=\"uagb-container-inner-blocks-wrap\">\n<div class=\"wp-block-uagb-advanced-heading uagb-block-665ea58b\"><h2 class=\"uagb-heading-text\"><strong>Pourquoi Wingbuddy ?<\/strong><\/h2><\/div>\n\n\n<div class=\"wp-block-uagb-faq uagb-faq__outer-wrap uagb-block-06b9f9a1 uagb-faq-icon-row-reverse uagb-faq-layout-grid uagb-faq-expand-first-true uagb-faq-inactive-other-true uagb-faq__wrap uagb-buttons-layout-wrap uagb-faq-equal-height     \" data-faqtoggle=\"true\" role=\"tablist\"><div class=\"wp-block-uagb-faq-child uagb-faq-child__outer-wrap uagb-faq-item uagb-block-1c23c3ca \" role=\"tab\" tabindex=\"0\"><div class=\"uagb-faq-questions-button uagb-faq-questions\"><h5 class=\"uagb-question\"><strong>1. R\u00e9servation simple<\/strong> \ud83d\ude80<\/h5><\/div><div class=\"uagb-faq-content\"><p>Voyager avec <a href=\"https:\/\/www.wingbuddy.com\/forfaits-croisieres-maritimes\/0\/toutes-les-destinationsafftok=129d40739cfbe0\" target=\"_blank\" rel=\"noreferrer noopener\">Wingbuddy<\/a> est aussi facile qu&rsquo;un s\u00e9jour tout compris, mais n&rsquo;importe o\u00f9 dans le monde. Nous travaillons constamment sur la technologie pour rationaliser le processus de r\u00e9servation. Choisissez si vous pr\u00e9f\u00e9rez r\u00e9server en ligne ou par t\u00e9l\u00e9phone avec l&rsquo;un des membres de notre \u00e9quipe.  <\/p><\/div><\/div><div class=\"wp-block-uagb-faq-child uagb-faq-child__outer-wrap uagb-faq-item uagb-block-195ede52 \" role=\"tab\" tabindex=\"0\"><div class=\"uagb-faq-questions-button uagb-faq-questions\"><h5 class=\"uagb-question\"><strong>2. Itin\u00e9raires personnalis\u00e9s<\/strong> \ud83c\udf0d<\/h5><\/div><div class=\"uagb-faq-content\"><p>Nos experts en voyage \u00e9laborent des itin\u00e9raires bien pens\u00e9s pour que nos clients puissent profiter pleinement de ce que leur destination a \u00e0 offrir. Nos formules vont de l&rsquo;immersion culturelle \u00e0 l&rsquo;aventure, et sont toujours des exp\u00e9riences uniques. <\/p><\/div><\/div><div class=\"wp-block-uagb-faq-child uagb-faq-child__outer-wrap uagb-faq-item uagb-block-80e402ad \" role=\"tab\" tabindex=\"0\"><div class=\"uagb-faq-questions-button uagb-faq-questions\"><h5 class=\"uagb-question\"><strong>3. Une exp\u00e9rience sans probl\u00e8me <\/strong>\ud83e\uddf3<\/h5><\/div><div class=\"uagb-faq-content\"><p>Les clients de Wingbuddy peuvent s&rsquo;asseoir, se d\u00e9tendre et profiter de leur exp\u00e9rience. Tout est pris en charge, vous n&rsquo;avez qu&rsquo;\u00e0 vous pr\u00e9senter. Tous nos forfaits comprennent les vols, les transferts et l&rsquo;h\u00e9bergement. Vous <a href=\"https:\/\/www.wingbuddy.com\/forfaits-croisieres-maritimes\/0\/toutes-les-destinations?afftok=129d40739cfbe0\" target=\"_blank\" rel=\"noreferrer noopener\">pouvez<\/a> choisir entre un itin\u00e9raire organis\u00e9, semi-organis\u00e9 ou flexible.   <\/p><\/div><\/div><div class=\"wp-block-uagb-faq-child uagb-faq-child__outer-wrap uagb-faq-item uagb-block-9319d5ce \" role=\"tab\" tabindex=\"0\"><div class=\"uagb-faq-questions-button uagb-faq-questions\"><h5 class=\"uagb-question\"><strong>4. Une \u00e9quipe bienveillante<\/strong> \u2764\ufe0f<\/h5><\/div><div class=\"uagb-faq-content\"><p>De vrais humains s&rsquo;occupent de vous avant, pendant et apr\u00e8s votre voyage. Chaque membre de l&rsquo;\u00e9quipe Wingbuddy s&rsquo;engage \u00e0 vous faire vivre une exp\u00e9rience exceptionnelle et inoubliable, du d\u00e9but \u00e0 la fin. <\/p><\/div><\/div><\/div><\/div><\/div>\n\n<p><\/p>\n","protected":false},"excerpt":{"rendered":"<p>\u00c0 propos de Wingbuddy Pourquoi Wingbuddy ?<\/p>\n","protected":false},"author":4,"featured_media":0,"parent":0,"menu_order":0,"comment_status":"closed","ping_status":"closed","template":"","meta":{"_uag_custom_page_level_css":"","site-sidebar-layout":"no-sidebar","site-content-layout":"plain-container","ast-site-content-layout":"normal-width-container","site-content-style":"unboxed","site-sidebar-style":"unboxed","ast-global-header-display":"","ast-banner-title-visibility":"","ast-main-header-display":"","ast-hfb-above-header-display":"","ast-hfb-below-header-display":"","ast-hfb-mobile-header-display":"","site-post-title":"disabled","ast-breadcrumbs-content":"","ast-featured-img":"disabled","footer-sml-layout":"","ast-disable-related-posts":"","theme-transparent-header-meta":"default","adv-header-id-meta":"","stick-header-meta":"","header-above-stick-meta":"","header-main-stick-meta":"","header-below-stick-meta":"","astra-migrate-meta-layouts":"default","ast-page-background-enabled":"default","ast-page-background-meta":{"desktop":{"background-color":"var(--ast-global-color-5)","background-image":"","background-repeat":"repeat","background-position":"center center","background-size":"auto","background-attachment":"scroll","background-type":"","background-media":"","overlay-type":"","overlay-color":"","overlay-opacity":"","overlay-gradient":""},"tablet":{"background-color":"","background-image":"","background-repeat":"repeat","background-position":"center center","background-size":"auto","background-attachment":"scroll","background-type":"","background-media":"","overlay-type":"","overlay-color":"","overlay-opacity":"","overlay-gradient":""},"mobile":{"background-color":"","background-image":"","background-repeat":"repeat","background-position":"center center","background-size":"auto","background-attachment":"scroll","background-type":"","background-media":"","overlay-type":"","overlay-color":"","overlay-opacity":"","overlay-gradient":""}},"ast-content-background-meta":{"desktop":{"background-color":"var(--ast-global-color-4)","background-image":"","background-repeat":"repeat","background-position":"center center","background-size":"auto","background-attachment":"scroll","background-type":"","background-media":"","overlay-type":"","overlay-color":"","overlay-opacity":"","overlay-gradient":""},"tablet":{"background-color":"var(--ast-global-color-4)","background-image":"","background-repeat":"repeat","background-position":"center center","background-size":"auto","background-attachment":"scroll","background-type":"","background-media":"","overlay-type":"","overlay-color":"","overlay-opacity":"","overlay-gradient":""},"mobile":{"background-color":"var(--ast-global-color-4)","background-image":"","background-repeat":"repeat","background-position":"center center","background-size":"auto","background-attachment":"scroll","background-type":"","background-media":"","overlay-type":"","overlay-color":"","overlay-opacity":"","overlay-gradient":""}},"footnotes":""},"class_list":["post-3086","page","type-page","status-publish","hentry"],"yoast_head":"<!-- This site is optimized with the Yoast SEO plugin v27.0 - https:\/\/yoast.com\/product\/yoast-seo-wordpress\/ -->\n<title>D\u00e9couvrez-nous et nos forfaits - Wingbuddy Blog<\/title>\n<meta name=\"description\" content=\"Wingbuddy propose des forfaits de voyage tout-en-un, des visites guid\u00e9es aux croisi\u00e8res maritimes et fluviales, qui facilitent l&#039;organisation de votre prochain voyage.\" \/>\n<meta name=\"robots\" content=\"index, follow, max-snippet:-1, max-image-preview:large, max-video-preview:-1\" \/>\n<link rel=\"canonical\" href=\"https:\/\/blog.wingbuddy.com\/fr\/a-propos-de\/\" \/>\n<meta property=\"og:locale\" content=\"fr_CA\" \/>\n<meta property=\"og:type\" content=\"article\" \/>\n<meta property=\"og:title\" content=\"D\u00e9couvrez-nous et nos forfaits - Wingbuddy Blog\" \/>\n<meta property=\"og:description\" content=\"Wingbuddy propose des forfaits de voyage tout-en-un, des visites guid\u00e9es aux croisi\u00e8res maritimes et fluviales, qui facilitent l&#039;organisation de votre prochain voyage.\" \/>\n<meta property=\"og:url\" content=\"https:\/\/blog.wingbuddy.com\/fr\/a-propos-de\/\" \/>\n<meta property=\"og:site_name\" content=\"Wingbuddy Blog\" \/>\n<meta property=\"article:publisher\" content=\"https:\/\/www.facebook.com\/wingbuddy\" \/>\n<meta property=\"article:modified_time\" content=\"2025-07-03T19:20:29+00:00\" \/>\n<meta property=\"og:image\" content=\"https:\/\/blog.wingbuddy.com\/wp-content\/uploads\/2025\/03\/vacation-yacht-1024x683.jpg\" \/>\n<meta name=\"twitter:card\" content=\"summary_large_image\" \/>\n<meta name=\"twitter:label1\" content=\"Estimation du temps de lecture\" \/>\n\t<meta name=\"twitter:data1\" content=\"1 minute\" \/>\n<script type=\"application\/ld+json\" class=\"yoast-schema-graph\">{\"@context\":\"https:\/\/schema.org\",\"@graph\":[{\"@type\":\"WebPage\",\"@id\":\"https:\/\/blog.wingbuddy.com\/fr\/a-propos-de\/\",\"url\":\"https:\/\/blog.wingbuddy.com\/fr\/a-propos-de\/\",\"name\":\"D\u00e9couvrez-nous et nos forfaits - Wingbuddy Blog\",\"isPartOf\":{\"@id\":\"https:\/\/blog.wingbuddy.com\/fr\/#website\"},\"primaryImageOfPage\":{\"@id\":\"https:\/\/blog.wingbuddy.com\/fr\/a-propos-de\/#primaryimage\"},\"image\":{\"@id\":\"https:\/\/blog.wingbuddy.com\/fr\/a-propos-de\/#primaryimage\"},\"thumbnailUrl\":\"https:\/\/blog.wingbuddy.com\/wp-content\/uploads\/2025\/03\/vacation-yacht-1024x683.jpg\",\"datePublished\":\"2025-03-25T20:58:24+00:00\",\"dateModified\":\"2025-07-03T19:20:29+00:00\",\"description\":\"Wingbuddy propose des forfaits de voyage tout-en-un, des visites guid\u00e9es aux croisi\u00e8res maritimes et fluviales, qui facilitent l'organisation de votre prochain voyage.\",\"breadcrumb\":{\"@id\":\"https:\/\/blog.wingbuddy.com\/fr\/a-propos-de\/#breadcrumb\"},\"inLanguage\":\"fr-CA\",\"potentialAction\":[{\"@type\":\"ReadAction\",\"target\":[\"https:\/\/blog.wingbuddy.com\/fr\/a-propos-de\/\"]}]},{\"@type\":\"ImageObject\",\"inLanguage\":\"fr-CA\",\"@id\":\"https:\/\/blog.wingbuddy.com\/fr\/a-propos-de\/#primaryimage\",\"url\":\"https:\/\/blog.wingbuddy.com\/wp-content\/uploads\/2025\/03\/vacation-yacht-1024x683.jpg\",\"contentUrl\":\"https:\/\/blog.wingbuddy.com\/wp-content\/uploads\/2025\/03\/vacation-yacht-1024x683.jpg\"},{\"@type\":\"BreadcrumbList\",\"@id\":\"https:\/\/blog.wingbuddy.com\/fr\/a-propos-de\/#breadcrumb\",\"itemListElement\":[{\"@type\":\"ListItem\",\"position\":1,\"name\":\"Home\",\"item\":\"https:\/\/blog.wingbuddy.com\/fr\/\"},{\"@type\":\"ListItem\",\"position\":2,\"name\":\"A propos\"}]},{\"@type\":\"WebSite\",\"@id\":\"https:\/\/blog.wingbuddy.com\/fr\/#website\",\"url\":\"https:\/\/blog.wingbuddy.com\/fr\/\",\"name\":\"Wingbuddy Blog\",\"description\":\"Exceptional Travel Experiences... Hassle-Free!\",\"publisher\":{\"@id\":\"https:\/\/blog.wingbuddy.com\/fr\/#organization\"},\"potentialAction\":[{\"@type\":\"SearchAction\",\"target\":{\"@type\":\"EntryPoint\",\"urlTemplate\":\"https:\/\/blog.wingbuddy.com\/fr\/?s={search_term_string}\"},\"query-input\":{\"@type\":\"PropertyValueSpecification\",\"valueRequired\":true,\"valueName\":\"search_term_string\"}}],\"inLanguage\":\"fr-CA\"},{\"@type\":\"Organization\",\"@id\":\"https:\/\/blog.wingbuddy.com\/fr\/#organization\",\"name\":\"Wingbuddy Blog\",\"url\":\"https:\/\/blog.wingbuddy.com\/fr\/\",\"logo\":{\"@type\":\"ImageObject\",\"inLanguage\":\"fr-CA\",\"@id\":\"https:\/\/blog.wingbuddy.com\/fr\/#\/schema\/logo\/image\/\",\"url\":\"https:\/\/blog.wingbuddy.com\/wp-content\/uploads\/2025\/03\/cropped-wingbuddy-logo-e1741188801501.png\",\"contentUrl\":\"https:\/\/blog.wingbuddy.com\/wp-content\/uploads\/2025\/03\/cropped-wingbuddy-logo-e1741188801501.png\",\"width\":252,\"height\":68,\"caption\":\"Wingbuddy Blog\"},\"image\":{\"@id\":\"https:\/\/blog.wingbuddy.com\/fr\/#\/schema\/logo\/image\/\"},\"sameAs\":[\"https:\/\/www.facebook.com\/wingbuddy\",\"https:\/\/www.instagram.com\/wingbuddy\/\",\"https:\/\/www.linkedin.com\/company\/wingbuddy\/\"]}]}<\/script>\n<!-- \/ Yoast SEO plugin. -->","yoast_head_json":{"title":"D\u00e9couvrez-nous et nos forfaits - Wingbuddy Blog","description":"Wingbuddy propose des forfaits de voyage tout-en-un, des visites guid\u00e9es aux croisi\u00e8res maritimes et fluviales, qui facilitent l'organisation de votre prochain voyage.","robots":{"index":"index","follow":"follow","max-snippet":"max-snippet:-1","max-image-preview":"max-image-preview:large","max-video-preview":"max-video-preview:-1"},"canonical":"https:\/\/blog.wingbuddy.com\/fr\/a-propos-de\/","og_locale":"fr_CA","og_type":"article","og_title":"D\u00e9couvrez-nous et nos forfaits - Wingbuddy Blog","og_description":"Wingbuddy propose des forfaits de voyage tout-en-un, des visites guid\u00e9es aux croisi\u00e8res maritimes et fluviales, qui facilitent l'organisation de votre prochain voyage.","og_url":"https:\/\/blog.wingbuddy.com\/fr\/a-propos-de\/","og_site_name":"Wingbuddy Blog","article_publisher":"https:\/\/www.facebook.com\/wingbuddy","article_modified_time":"2025-07-03T19:20:29+00:00","og_image":[{"url":"https:\/\/blog.wingbuddy.com\/wp-content\/uploads\/2025\/03\/vacation-yacht-1024x683.jpg","type":"","width":"","height":""}],"twitter_card":"summary_large_image","twitter_misc":{"Estimation du temps de lecture":"1 minute"},"schema":{"@context":"https:\/\/schema.org","@graph":[{"@type":"WebPage","@id":"https:\/\/blog.wingbuddy.com\/fr\/a-propos-de\/","url":"https:\/\/blog.wingbuddy.com\/fr\/a-propos-de\/","name":"D\u00e9couvrez-nous et nos forfaits - Wingbuddy Blog","isPartOf":{"@id":"https:\/\/blog.wingbuddy.com\/fr\/#website"},"primaryImageOfPage":{"@id":"https:\/\/blog.wingbuddy.com\/fr\/a-propos-de\/#primaryimage"},"image":{"@id":"https:\/\/blog.wingbuddy.com\/fr\/a-propos-de\/#primaryimage"},"thumbnailUrl":"https:\/\/blog.wingbuddy.com\/wp-content\/uploads\/2025\/03\/vacation-yacht-1024x683.jpg","datePublished":"2025-03-25T20:58:24+00:00","dateModified":"2025-07-03T19:20:29+00:00","description":"Wingbuddy propose des forfaits de voyage tout-en-un, des visites guid\u00e9es aux croisi\u00e8res maritimes et fluviales, qui facilitent l'organisation de votre prochain voyage.","breadcrumb":{"@id":"https:\/\/blog.wingbuddy.com\/fr\/a-propos-de\/#breadcrumb"},"inLanguage":"fr-CA","potentialAction":[{"@type":"ReadAction","target":["https:\/\/blog.wingbuddy.com\/fr\/a-propos-de\/"]}]},{"@type":"ImageObject","inLanguage":"fr-CA","@id":"https:\/\/blog.wingbuddy.com\/fr\/a-propos-de\/#primaryimage","url":"https:\/\/blog.wingbuddy.com\/wp-content\/uploads\/2025\/03\/vacation-yacht-1024x683.jpg","contentUrl":"https:\/\/blog.wingbuddy.com\/wp-content\/uploads\/2025\/03\/vacation-yacht-1024x683.jpg"},{"@type":"BreadcrumbList","@id":"https:\/\/blog.wingbuddy.com\/fr\/a-propos-de\/#breadcrumb","itemListElement":[{"@type":"ListItem","position":1,"name":"Home","item":"https:\/\/blog.wingbuddy.com\/fr\/"},{"@type":"ListItem","position":2,"name":"A propos"}]},{"@type":"WebSite","@id":"https:\/\/blog.wingbuddy.com\/fr\/#website","url":"https:\/\/blog.wingbuddy.com\/fr\/","name":"Wingbuddy Blog","description":"Exceptional Travel Experiences... Hassle-Free!","publisher":{"@id":"https:\/\/blog.wingbuddy.com\/fr\/#organization"},"potentialAction":[{"@type":"SearchAction","target":{"@type":"EntryPoint","urlTemplate":"https:\/\/blog.wingbuddy.com\/fr\/?s={search_term_string}"},"query-input":{"@type":"PropertyValueSpecification","valueRequired":true,"valueName":"search_term_string"}}],"inLanguage":"fr-CA"},{"@type":"Organization","@id":"https:\/\/blog.wingbuddy.com\/fr\/#organization","name":"Wingbuddy Blog","url":"https:\/\/blog.wingbuddy.com\/fr\/","logo":{"@type":"ImageObject","inLanguage":"fr-CA","@id":"https:\/\/blog.wingbuddy.com\/fr\/#\/schema\/logo\/image\/","url":"https:\/\/blog.wingbuddy.com\/wp-content\/uploads\/2025\/03\/cropped-wingbuddy-logo-e1741188801501.png","contentUrl":"https:\/\/blog.wingbuddy.com\/wp-content\/uploads\/2025\/03\/cropped-wingbuddy-logo-e1741188801501.png","width":252,"height":68,"caption":"Wingbuddy Blog"},"image":{"@id":"https:\/\/blog.wingbuddy.com\/fr\/#\/schema\/logo\/image\/"},"sameAs":["https:\/\/www.facebook.com\/wingbuddy","https:\/\/www.instagram.com\/wingbuddy\/","https:\/\/www.linkedin.com\/company\/wingbuddy\/"]}]}},"uagb_featured_image_src":{"full":false,"thumbnail":false,"medium":false,"medium_large":false,"large":false,"1536x1536":false,"2048x2048":false},"uagb_author_info":{"display_name":"Nicolai Yakimchuk","author_link":"https:\/\/blog.wingbuddy.com\/fr\/author\/nicolai-yakimchuk\/"},"uagb_comment_info":0,"uagb_excerpt":"\u00c0 propos de Wingbuddy Pourquoi Wingbuddy ?","_links":{"self":[{"href":"https:\/\/blog.wingbuddy.com\/fr\/wp-json\/wp\/v2\/pages\/3086","targetHints":{"allow":["GET"]}}],"collection":[{"href":"https:\/\/blog.wingbuddy.com\/fr\/wp-json\/wp\/v2\/pages"}],"about":[{"href":"https:\/\/blog.wingbuddy.com\/fr\/wp-json\/wp\/v2\/types\/page"}],"author":[{"embeddable":true,"href":"https:\/\/blog.wingbuddy.com\/fr\/wp-json\/wp\/v2\/users\/4"}],"replies":[{"embeddable":true,"href":"https:\/\/blog.wingbuddy.com\/fr\/wp-json\/wp\/v2\/comments?post=3086"}],"version-history":[{"count":7,"href":"https:\/\/blog.wingbuddy.com\/fr\/wp-json\/wp\/v2\/pages\/3086\/revisions"}],"predecessor-version":[{"id":3167,"href":"https:\/\/blog.wingbuddy.com\/fr\/wp-json\/wp\/v2\/pages\/3086\/revisions\/3167"}],"wp:attachment":[{"href":"https:\/\/blog.wingbuddy.com\/fr\/wp-json\/wp\/v2\/media?parent=3086"}],"curies":[{"name":"wp","href":"https:\/\/api.w.org\/{rel}","templated":true}]}}